{"id":6,"date":"2019-03-29T13:38:38","date_gmt":"2019-03-29T12:38:38","guid":{"rendered":"http:\/\/www.ulvangsvegen.no\/?page_id=6"},"modified":"2025-07-14T10:05:57","modified_gmt":"2025-07-14T09:05:57","slug":"arsmote","status":"publish","type":"page","link":"https:\/\/www.ulvangsvegen.no\/?page_id=6","title":{"rendered":"\u00c5rsm\u00f8te"},"content":{"rendered":"\n<div class=\"wp-block-file\"><a href=\"http:\/\/www.ulvangsvegen.no\/wp-content\/uploads\/2023\/09\/Referat-\u00e5rsm\u00f8te-i-Ulvangsvegen-Veglag-05-08-2023.pdf\">Referat-\u00e5rsm\u00f8te- 2023<\/a><a href=\"http:\/\/www.ulvangsvegen.no\/wp-content\/uploads\/2023\/09\/Referat-\u00e5rsm\u00f8te-i-Ulvangsvegen-Veglag-05-08-2023.pdf\" class=\"wp-block-file__button\" download>Last ned<\/a><\/div>\n\n\n\n<div class=\"wp-block-file\"><a href=\"http:\/\/www.ulvangsvegen.no\/wp-content\/uploads\/2022\/08\/Referat-\u00c5rsm\u00f8te-2022-1.pdf\">Referat-\u00c5rsm\u00f8te &#8211; 2022<\/a><a href=\"http:\/\/www.ulvangsvegen.no\/wp-content\/uploads\/2022\/08\/Referat-\u00c5rsm\u00f8te-2022-1.pdf\" class=\"wp-block-file__button\" download>Last ned<\/a><\/div>\n\n\n\n<div class=\"wp-block-file\"><a href=\"http:\/\/www.ulvangsvegen.no\/wp-content\/uploads\/2022\/08\/Referat-\u00c5rsm\u00f8te-2021.pdf\">Referat-\u00c5rsm\u00f8te &#8211; 2021<\/a><a href=\"http:\/\/www.ulvangsvegen.no\/wp-content\/uploads\/2022\/08\/Referat-\u00c5rsm\u00f8te-2021.pdf\" class=\"wp-block-file__button\" download>Last ned<\/a><\/div>\n\n\n\n<div class=\"wp-block-file\"><a href=\"http:\/\/www.ulvangsvegen.no\/wp-content\/uploads\/2020\/08\/\u00c5rsm\u00f8teprotokoll-2020.docx\">Referat \u00c5rsm\u00f8tet &#8211; 2020<\/a><a href=\"http:\/\/www.ulvangsvegen.no\/wp-content\/uploads\/2020\/08\/\u00c5rsm\u00f8teprotokoll-2020.docx\" class=\"wp-block-file__button\" download>Last ned<\/a><\/div>\n\n\n\n<div class=\"wp-block-file\"><a href=\"http:\/\/www.ulvangsvegen.no\/wp-content\/uploads\/2020\/08\/Referat-\u00c5rsm\u00f8te-2019.pdf\">Referat \u00c5rsm\u00f8tet &#8211; 2019<\/a><a href=\"http:\/\/www.ulvangsvegen.no\/wp-content\/uploads\/2020\/08\/Referat-\u00c5rsm\u00f8te-2019.pdf\" class=\"wp-block-file__button\" download>Last ned<\/a><\/div>\n\n\n\n<div class=\"wp-block-file\"><a href=\"http:\/\/www.ulvangsvegen.no\/wp-content\/uploads\/2025\/06\/Referat-\u00e5rsm\u00f8te-2024.docx\">Referat-\u00e5rsm\u00f8te-2024<\/a><a href=\"http:\/\/www.ulvangsvegen.no\/wp-content\/uploads\/2025\/06\/Referat-\u00e5rsm\u00f8te-2024.docx\" class=\"wp-block-file__button\" download><\/a><\/div>\n\n\n<p><a href=\"http:\/\/www.ulvangsvegen.no\/wp-content\/uploads\/2018\/08\/Referat-\u00c5rsm\u00f8te-2018.pdf\">Referat \u00c5rsm\u00f8tet &#8211; 2018<\/a><\/p>\n<p><a href=\"http:\/\/www.ulvangsvegen.no\/wp-content\/uploads\/2017\/01\/Referat-\u00c5rsm\u00f8te-2017.docx\">Referat \u00c5rsm\u00f8tet &#8211; 2017<\/a><\/p>\n<p><code><a href=\"http:\/\/www.ulvangsvegen.no\/wp-content\/uploads\/2016\/03\/Innkalling-til-a\u030arsm\u00f8te-24-mars-2016.docx.pdf\">Innkalling til a\u030arsm\u00f8te 24 mars 2016.docx<\/a><\/code><\/p>\n<p><a href=\"http:\/\/www.ulvangsvegen.no\/wp-content\/uploads\/2013\/03\/Signert-\u00c5rsm\u00f8tereferat-2015.pdf\">Referat \u00c5rsm\u00f8tet &#8211; 2015<\/a><\/p>\n<p><a href=\"http:\/\/www.ulvangsvegen.no\/wp-content\/uploads\/2013\/03\/\u00c5rsm\u00f8te-UlvangsvegenVeglag-2015-1.pdf\">\u00c5rsm\u00f8te UlvangsvegenVeglag 2015-1<\/a><\/p>\n<p><a href=\"http:\/\/www.ulvangsvegen.no\/wp-content\/uploads\/2013\/03\/Sp\u00f8rreunders\u00f8kelse-og-Svarbrev.pdf\">Sp\u00f8rreunders\u00f8kelse og Svarbrev<\/a><\/p>\n<p><a href=\"http:\/\/www.ulvangsvegen.no\/wp-content\/uploads\/2013\/03\/Referat-fra-\u00e5rsm\u00f8tet-i-Ulvangveien-BA-21.04.2011.pdf\">Referat fra \u00e5rsm\u00f8tet i Ulvangveien BA 21.04.2011<\/a><\/p>\n<p><a href=\"http:\/\/www.ulvangsvegen.no\/wp-content\/uploads\/2013\/03\/Innkalling-til-\u00e5rsm\u00f8te-28.-mars-2013.pdf\">Innkalling til \u00e5rsm\u00f8te 28. mars 2013<\/a><\/p>\n<p><a href=\"http:\/\/www.ulvangsvegen.no\/wp-content\/uploads\/2013\/03\/\u00c5rsm\u00f8teprotokoll-Ulvangsvegen-veglag-28-03-2013.pdf\">\u00c5rsm\u00f8teprotokoll Ulvangsvegen veglag 28 03 2013<\/a><\/p>\n<p><a href=\"http:\/\/www.ulvangsvegen.no\/wp-content\/uploads\/2013\/03\/Innkalling-til-\u00e5rsm\u00f8te-17-april-2014.pdf\">Innkalling til \u00e5rsm\u00f8te 17 april 2014<\/a><\/p>\n<p><a href=\"http:\/\/www.ulvangsvegen.no\/wp-content\/uploads\/2013\/03\/\u00c5rsm\u00f8teprotokoll-Ulvangsvegen-veglag-17.04.2014.pdf\">\u00c5rsm\u00f8teprotokoll Ulvangsvegen veglag 17.04.2014<\/a><\/p>\n\n\n<p><\/p>\n","protected":false},"excerpt":{"rendered":"<p>Referat \u00c5rsm\u00f8tet &#8211; 2018 Referat \u00c5rsm\u00f8tet &#8211; 2017 Innkalling til a\u030arsm\u00f8te 24 mars 2016.docx Referat \u00c5rsm\u00f8tet &#8211; 2015 \u00c5rsm\u00f8te UlvangsvegenVeglag 2015-1 Sp\u00f8rreunders\u00f8kelse og Svarbrev Referat fra \u00e5rsm\u00f8tet i Ulvangveien BA 21.04.2011 Innkalling til \u00e5rsm\u00f8te 28. mars 2013 \u00c5rsm\u00f8teprotokoll Ulvangsvegen veglag &hellip; <a href=\"https:\/\/www.ulvangsvegen.no\/?page_id=6\">Les videre <span class=\"meta-nav\">&rarr;<\/span><\/a><\/p>\n","protected":false},"author":8,"featured_media":0,"parent":0,"menu_order":0,"comment_status":"closed","ping_status":"closed","template":"","meta":{"footnotes":""},"class_list":["post-6","page","type-page","status-publish","hentry"],"_links":{"self":[{"href":"https:\/\/www.ulvangsvegen.no\/index.php?rest_route=\/wp\/v2\/pages\/6","targetHints":{"allow":["GET"]}}],"collection":[{"href":"https:\/\/www.ulvangsvegen.no\/index.php?rest_route=\/wp\/v2\/pages"}],"about":[{"href":"https:\/\/www.ulvangsvegen.no\/index.php?rest_route=\/wp\/v2\/types\/page"}],"author":[{"embeddable":true,"href":"https:\/\/www.ulvangsvegen.no\/index.php?rest_route=\/wp\/v2\/users\/8"}],"replies":[{"embeddable":true,"href":"https:\/\/www.ulvangsvegen.no\/index.php?rest_route=%2Fwp%2Fv2%2Fcomments&post=6"}],"version-history":[{"count":47,"href":"https:\/\/www.ulvangsvegen.no\/index.php?rest_route=\/wp\/v2\/pages\/6\/revisions"}],"predecessor-version":[{"id":1143,"href":"https:\/\/www.ulvangsvegen.no\/index.php?rest_route=\/wp\/v2\/pages\/6\/revisions\/1143"}],"wp:attachment":[{"href":"https:\/\/www.ulvangsvegen.no\/index.php?rest_route=%2Fwp%2Fv2%2Fmedia&parent=6"}],"curies":[{"name":"wp","href":"https:\/\/api.w.org\/{rel}","templated":true}]}}