{"id":13,"date":"2013-03-05T18:36:49","date_gmt":"2013-03-05T17:36:49","guid":{"rendered":"http:\/\/www.ulvangsvegen.no\/?page_id=13"},"modified":"2019-05-05T10:17:19","modified_gmt":"2019-05-05T09:17:19","slug":"regler-for-bruk-av-vegen","status":"publish","type":"page","link":"https:\/\/www.ulvangsvegen.no\/?page_id=13","title":{"rendered":"Regler for bruk av vegen"},"content":{"rendered":"<p>1.<strong> Lukk og l\u00e5s\u00a0alltid bommen etter at du har passert<\/strong><br \/>\n(ogs\u00e5 hvis den st\u00e5r oppe n\u00e5r du passerer til fots)<br \/>\nVegen drives og bekostes av medlemmene. Holdes bommen lukket og l\u00e5st\u00a0reduserer vi<br \/>\nrisiko for mislighold, tyveri og h\u00e6rverk<\/p>\n<p>2.<strong> Hold lav fart<\/strong><br \/>\nLav fart kan gj\u00f8re at du unng\u00e5r skade p\u00e5 dyr, mennesker og din egen bil. I tillegg vil<br \/>\nlav fart\u00a0p\u00e5f\u00f8re vegen\u00a0mindre slitasje og redusere st\u00f8vproblemer.<\/p>\n<p>3. <strong>Hjelp til \u00e5 holde det rent og fint langs vegen <\/strong><br \/>\nHjelp felleskapet med \u00e5 sikre at det er en positiv opplevelse \u00e5 g\u00e5 langs vegen.<br \/>\n\u00abGjenglemt\u00bb papir, plast og skrot kan med hell tas med i bilen p\u00e5 vei til containere<br \/>\np\u00e5\u00a0den store parkeringsplassen. St\u00f8rre ting meldes til styret.<\/p>\n<p>4. <strong>Meld fra om akutte eller farlige forhold langs vegen<\/strong><br \/>\nMeld fra om slike ting til styreleder\/vedlikeholdsans.<\/p>\n<p>5. <strong>Overhold regler for maks akseltrykk ved tungtransport<br \/>\n&#8211; fra 1 juni dersom vegen er klar (dette kan variere med v\u00e6rforhold)<\/strong><br \/>\nDet er avgj\u00f8rende for v\u00e5r felles \u00f8konomi at dette respekteres.<br \/>\nUaktsomhet kan resultere i erstatningskrav.<br \/>\nTa kontakt med styret dersom du er i tvil.<\/p>\n<p>Se ogs\u00e5\u00a0under \u00a0&laquo;Vedtekter&raquo;\u00a0 for utdyping av rettigheter og plikter<\/p>\n","protected":false},"excerpt":{"rendered":"<p>1. Lukk og l\u00e5s\u00a0alltid bommen etter at du har passert (ogs\u00e5 hvis den st\u00e5r oppe n\u00e5r du passerer til fots) Vegen drives og bekostes av medlemmene. Holdes bommen lukket og l\u00e5st\u00a0reduserer vi risiko for mislighold, tyveri og h\u00e6rverk 2. Hold &hellip; <a href=\"https:\/\/www.ulvangsvegen.no\/?page_id=13\">Les videre <span class=\"meta-nav\">&rarr;<\/span><\/a><\/p>\n","protected":false},"author":1,"featured_media":0,"parent":0,"menu_order":0,"comment_status":"closed","ping_status":"open","template":"","meta":{"footnotes":""},"class_list":["post-13","page","type-page","status-publish","hentry"],"_links":{"self":[{"href":"https:\/\/www.ulvangsvegen.no\/index.php?rest_route=\/wp\/v2\/pages\/13","targetHints":{"allow":["GET"]}}],"collection":[{"href":"https:\/\/www.ulvangsvegen.no\/index.php?rest_route=\/wp\/v2\/pages"}],"about":[{"href":"https:\/\/www.ulvangsvegen.no\/index.php?rest_route=\/wp\/v2\/types\/page"}],"author":[{"embeddable":true,"href":"https:\/\/www.ulvangsvegen.no\/index.php?rest_route=\/wp\/v2\/users\/1"}],"replies":[{"embeddable":true,"href":"https:\/\/www.ulvangsvegen.no\/index.php?rest_route=%2Fwp%2Fv2%2Fcomments&post=13"}],"version-history":[{"count":14,"href":"https:\/\/www.ulvangsvegen.no\/index.php?rest_route=\/wp\/v2\/pages\/13\/revisions"}],"predecessor-version":[{"id":816,"href":"https:\/\/www.ulvangsvegen.no\/index.php?rest_route=\/wp\/v2\/pages\/13\/revisions\/816"}],"wp:attachment":[{"href":"https:\/\/www.ulvangsvegen.no\/index.php?rest_route=%2Fwp%2Fv2%2Fmedia&parent=13"}],"curies":[{"name":"wp","href":"https:\/\/api.w.org\/{rel}","templated":true}]}}